{"id":2029,"date":"2025-01-28T21:32:05","date_gmt":"2025-01-28T21:32:05","guid":{"rendered":"http:\/\/34.218.76.77\/?page_id=2029"},"modified":"2025-02-13T15:38:07","modified_gmt":"2025-02-13T15:38:07","slug":"coconut-grove","status":"publish","type":"page","link":"https:\/\/www.aryahotel.us\/es\/coconut-grove","title":{"rendered":"Coconut Grove"},"content":{"rendered":"<div data-elementor-type=\"wp-page\" data-elementor-id=\"2029\" class=\"elementor elementor-2029\">\n\t\t\t\t\t\t<section class=\"elementor-section elementor-top-section elementor-element elementor-element-259bd1a0 elementor-section-height-min-height cs-section-content-fullwidth cs-parallax-on-scroll cs_scroll_y_80 elementor-section-boxed elementor-section-height-default elementor-section-items-middle\" data-id=\"259bd1a0\" data-element_type=\"section\" data-settings=\"{&quot;background_background&quot;:&quot;classic&quot;}\" data-cs-parallax-y=\"80\" style=\"background-image: none;\" data-cs-background-image=\"https:\/\/www.aryahotel.us\/wp-content\/uploads\/2025\/01\/video-cover.jpg\" data-cs-background-image-alt-text=\"\">\n\t\t\t\t\t\t\t<div class=\"elementor-background-overlay\"><\/div>\n\t\t\t\t\t\t\t<div class=\"elementor-container elementor-column-gap-no\">\n\t\t\t\t\t<div class=\"elementor-column elementor-col-100 elementor-top-column elementor-element elementor-element-45da27e9 dark-color\" data-id=\"45da27e9\" data-element_type=\"column\">\n\t\t\t<div class=\"elementor-widget-wrap elementor-element-populated\">\n\t\t\t\t\t\t<div class=\"elementor-element elementor-element-4fd9a28d elementor-widget elementor-widget-cs_title\" data-id=\"4fd9a28d\" data-element_type=\"widget\" data-widget_type=\"cs_title.default\">\n\t\t\t\t<div class=\"elementor-widget-container\">\n\t\t\t\t\t\n        <div class=\"cs-title-wrap text-center\">\t            <h1 class=\"cs-title\">\n\t                Coconut Grove\t            <\/h1>\t            <div class=\"cs-title-text\">\n\t                <p>Explora el alma de Miami con todas las diferentes actividades que Coconut Grove tiene para ti.<\/p>\t            <\/div>        <\/div>\t\t\t\t<\/div>\n\t\t\t\t<\/div>\n\t\t\t\t\t<\/div>\n\t\t<\/div>\n\t\t\t\t\t<\/div>\n\t\t<\/section>\n\t\t\t\t<section class=\"elementor-section elementor-top-section elementor-element elementor-element-36e26f4 cs-section-content-fullwidth elementor-section-content-middle elementor-section-boxed elementor-section-height-default elementor-section-height-default\" data-id=\"36e26f4\" data-element_type=\"section\" data-settings=\"{&quot;background_background&quot;:&quot;classic&quot;}\">\n\t\t\t\t\t\t<div class=\"elementor-container elementor-column-gap-no\">\n\t\t\t\t\t<div class=\"elementor-column elementor-col-50 elementor-top-column elementor-element elementor-element-4b6dfd5\" data-id=\"4b6dfd5\" data-element_type=\"column\">\n\t\t\t<div class=\"elementor-widget-wrap elementor-element-populated\">\n\t\t\t\t\t\t<section class=\"elementor-section elementor-inner-section elementor-element elementor-element-366c029 elementor-section-boxed elementor-section-height-default elementor-section-height-default\" data-id=\"366c029\" data-element_type=\"section\">\n\t\t\t\t\t\t<div class=\"elementor-container elementor-column-gap-no\">\n\t\t\t\t\t<div class=\"elementor-column elementor-col-50 elementor-inner-column elementor-element elementor-element-4fe1a26\" data-id=\"4fe1a26\" data-element_type=\"column\">\n\t\t\t<div class=\"elementor-widget-wrap elementor-element-populated\">\n\t\t\t\t\t\t<div class=\"elementor-element elementor-element-15f72cd cs-animation-small-offset elementor-invisible elementor-widget elementor-widget-image\" data-id=\"15f72cd\" data-element_type=\"widget\" data-settings=\"{&quot;_animation&quot;:&quot;fadeInUp&quot;,&quot;_animation_delay&quot;:150}\" data-widget_type=\"image.default\">\n\t\t\t\t<div class=\"elementor-widget-container\">\n\t\t\t\t\t\t\t\t\t\t\t\t\t\t\t<img fetchpriority=\"high\" decoding=\"async\" width=\"370\" height=\"278\" src=\"https:\/\/www.aryahotel.us\/wp-content\/uploads\/2025\/01\/122738618_351364709520743_5896060285165646587_n-370x278.jpg\" class=\"attachment-cozystay_370x9999 size-cozystay_370x9999 wp-image-2069\" alt=\"\" srcset=\"https:\/\/www.aryahotel.us\/wp-content\/uploads\/2025\/01\/122738618_351364709520743_5896060285165646587_n-370x278.jpg 370w, https:\/\/www.aryahotel.us\/wp-content\/uploads\/2025\/01\/122738618_351364709520743_5896060285165646587_n-300x225.jpg 300w, https:\/\/www.aryahotel.us\/wp-content\/uploads\/2025\/01\/122738618_351364709520743_5896060285165646587_n-1024x768.jpg 1024w, https:\/\/www.aryahotel.us\/wp-content\/uploads\/2025\/01\/122738618_351364709520743_5896060285165646587_n-768x576.jpg 768w, https:\/\/www.aryahotel.us\/wp-content\/uploads\/2025\/01\/122738618_351364709520743_5896060285165646587_n-780x585.jpg 780w, https:\/\/www.aryahotel.us\/wp-content\/uploads\/2025\/01\/122738618_351364709520743_5896060285165646587_n-600x450.jpg 600w, https:\/\/www.aryahotel.us\/wp-content\/uploads\/2025\/01\/122738618_351364709520743_5896060285165646587_n-550x413.jpg 550w, https:\/\/www.aryahotel.us\/wp-content\/uploads\/2025\/01\/122738618_351364709520743_5896060285165646587_n-255x191.jpg 255w, https:\/\/www.aryahotel.us\/wp-content\/uploads\/2025\/01\/122738618_351364709520743_5896060285165646587_n.jpg 1080w\" sizes=\"(max-width: 370px) 100vw, 370px\" \/>\t\t\t\t\t\t\t\t\t\t\t\t\t\t\t<\/div>\n\t\t\t\t<\/div>\n\t\t\t\t\t<\/div>\n\t\t<\/div>\n\t\t\t\t<div class=\"elementor-column elementor-col-50 elementor-inner-column elementor-element elementor-element-c490393\" data-id=\"c490393\" data-element_type=\"column\">\n\t\t\t<div class=\"elementor-widget-wrap elementor-element-populated\">\n\t\t\t\t\t\t<div class=\"elementor-element elementor-element-25b3c9e cs-animation-medium-offset elementor-invisible elementor-widget elementor-widget-image\" data-id=\"25b3c9e\" data-element_type=\"widget\" data-settings=\"{&quot;_animation&quot;:&quot;fadeInUp&quot;,&quot;_animation_delay&quot;:300}\" data-widget_type=\"image.default\">\n\t\t\t\t<div class=\"elementor-widget-container\">\n\t\t\t\t\t\t\t\t\t\t\t\t\t\t\t<img decoding=\"async\" width=\"370\" height=\"247\" src=\"https:\/\/www.aryahotel.us\/wp-content\/uploads\/2025\/01\/gardens-of-crandon-park-370x247.webp\" class=\"attachment-cozystay_370x9999 size-cozystay_370x9999 wp-image-2070\" alt=\"\" srcset=\"https:\/\/www.aryahotel.us\/wp-content\/uploads\/2025\/01\/gardens-of-crandon-park-370x247.webp 370w, https:\/\/www.aryahotel.us\/wp-content\/uploads\/2025\/01\/gardens-of-crandon-park-300x200.webp 300w, https:\/\/www.aryahotel.us\/wp-content\/uploads\/2025\/01\/gardens-of-crandon-park-768x512.webp 768w, https:\/\/www.aryahotel.us\/wp-content\/uploads\/2025\/01\/gardens-of-crandon-park-780x520.webp 780w, https:\/\/www.aryahotel.us\/wp-content\/uploads\/2025\/01\/gardens-of-crandon-park-600x400.webp 600w, https:\/\/www.aryahotel.us\/wp-content\/uploads\/2025\/01\/gardens-of-crandon-park-550x367.webp 550w, https:\/\/www.aryahotel.us\/wp-content\/uploads\/2025\/01\/gardens-of-crandon-park-255x170.webp 255w, https:\/\/www.aryahotel.us\/wp-content\/uploads\/2025\/01\/gardens-of-crandon-park.webp 900w\" sizes=\"(max-width: 370px) 100vw, 370px\" \/>\t\t\t\t\t\t\t\t\t\t\t\t\t\t\t<\/div>\n\t\t\t\t<\/div>\n\t\t\t\t\t<\/div>\n\t\t<\/div>\n\t\t\t\t\t<\/div>\n\t\t<\/section>\n\t\t\t\t<section class=\"elementor-section elementor-inner-section elementor-element elementor-element-8cf8d91 elementor-section-boxed elementor-section-height-default elementor-section-height-default\" data-id=\"8cf8d91\" data-element_type=\"section\">\n\t\t\t\t\t\t<div class=\"elementor-container elementor-column-gap-no\">\n\t\t\t\t\t<div class=\"elementor-column elementor-col-100 elementor-inner-column elementor-element elementor-element-e2331c2\" data-id=\"e2331c2\" data-element_type=\"column\">\n\t\t\t<div class=\"elementor-widget-wrap elementor-element-populated\">\n\t\t\t\t\t\t<div class=\"elementor-element elementor-element-2a7331d elementor-widget elementor-widget-html\" data-id=\"2a7331d\" data-element_type=\"widget\" data-widget_type=\"html.default\">\n\t\t\t\t<div class=\"elementor-widget-container\">\n\t\t\t\t\t<iframe width=\"420\" height=\"315\"\nsrc=\"https:\/\/webcams.windy.com\/webcams\/public\/embed\/player\/1648784028\/day?token=eyJhbGciOiJIUzI1NiIsInR5cCI6IkpXVCJ9.eyJ3ZWJjYW1faWQiOjE2NDg3ODQwMjgsInVzZXJfdHlwZSI6MSwiYXZhaWxhYmxlX3NpemVzIjoidGVhc2VyYmcsaWNvbix0aHVtYm5haWwscHJldmlldyxub3JtYWwsZnVsbCxwYW5vcmFtYSIsImlhdCI6MTczOTIwNjYyOSwiZXhwIjoxNzM5MjkzMDI5fQ.eJL4O4LdaLuF4qq5XcdHO7HcPDu9Lrgsc7OfJKySSEY&autoPlay=1#\">\n<\/iframe>\t\t\t\t<\/div>\n\t\t\t\t<\/div>\n\t\t\t\t\t<\/div>\n\t\t<\/div>\n\t\t\t\t\t<\/div>\n\t\t<\/section>\n\t\t\t\t\t<\/div>\n\t\t<\/div>\n\t\t\t\t<div class=\"elementor-column elementor-col-50 elementor-top-column elementor-element elementor-element-d8c3c47\" data-id=\"d8c3c47\" data-element_type=\"column\">\n\t\t\t<div class=\"elementor-widget-wrap elementor-element-populated\">\n\t\t\t\t\t\t<div class=\"elementor-element elementor-element-e4eebe3 elementor-widget elementor-widget-cs_title\" data-id=\"e4eebe3\" data-element_type=\"widget\" data-widget_type=\"cs_title.default\">\n\t\t\t\t<div class=\"elementor-widget-container\">\n\t\t\t\t\t\n        <div class=\"cs-title-wrap\">\t            <div class=\"cs-subtitle-wrap\"><span class=\"cs-subtitle\">Coconut Grove<\/span><\/div>\t            <h4 class=\"cs-title\">\n\t                Explora el coraz\u00f3n de Miami\t            <\/h4>\t            <div class=\"cs-title-text color-white\">\n\t                <p>Coconut Grove, el barrio m\u00e1s antiguo de Miami, es un destino exuberante y vibrante, rico en historia y encanto. Pasee por sus calles arboladas y descubra las profundas ra\u00edces bahame\u00f1as, el estilo art\u00edstico y el atractivo atemporal de la zona.<\/p><p>Sum\u00e9rgete en la esencia de The Grove, ya sea a pie o en bicicleta. Explora las tiendas boutique, los restaurantes de primera clase y los lugares de inter\u00e9s cultural que hacen que este vecindario sea verdaderamente \u00fanico. Arya Hotel &amp; Suites te coloca en el centro de todo.<\/p>\t            <\/div>        <\/div>\t\t\t\t<\/div>\n\t\t\t\t<\/div>\n\t\t\t\t\t<\/div>\n\t\t<\/div>\n\t\t\t\t\t<\/div>\n\t\t<\/section>\n\t\t<div class=\"elementor-element elementor-element-36f79ee e-con-full e-flex e-con e-parent\" data-id=\"36f79ee\" data-element_type=\"container\">\n\t\t\t\t<div class=\"elementor-element elementor-element-d2de96c elementor-widget elementor-widget-shortcode\" data-id=\"d2de96c\" data-element_type=\"widget\" data-widget_type=\"shortcode.default\">\n\t\t\t\t<div class=\"elementor-widget-container\">\n\t\t\t\t\t\t\t<div class=\"elementor-shortcode\"><\/div>\n\t\t\t\t\t\t<\/div>\n\t\t\t\t<\/div>\n\t\t\t\t<\/div>\n\t\t\t\t<\/div>","protected":false},"excerpt":{"rendered":"<p>Coconut Grove Explore the soul of Miami with all the diferent activites Coconut Grove has for you. Coconut Grove Explore the Heart of Miami Coconut Grove, Miami\u2019s oldest neighborhood, is a lush, vibrant destination rich in history and charm. Stroll through its tree-lined streets and uncover the area\u2019s deep Bahamian roots, artistic flair, and timeless &#8230;<\/p>","protected":false},"author":1,"featured_media":0,"parent":0,"menu_order":0,"comment_status":"closed","ping_status":"closed","template":"template-wide-content.php","meta":{"cozystay_single_page_hide_site_header":"","cozystay_single_page_site_header_source":"","cozystay_single_page_custom_site_header":"0","cozystay_single_page_custom_sticky_site_header":"0","cozystay_single_page_hide_page_title":"on","cozystay_single_page_header_section_size":"","cozystay_single_page_header_background_color":"","cozystay_single_page_header_background_position_x":"center","cozystay_single_page_header_background_position_y":"center","cozystay_single_page_header_background_size":"cover","cozystay_single_page_header_background_repeat":"off","cozystay_single_page_header_background_scroll":"on","cozystay_single_page_header_text_color":"","cozystay_single_page_header_show_breadcrumb":"","cozystay_single_page_site_footer_hide_main":"","cozystay_single_custom_site_footer_main_source":"","cozystay_single_custom_site_footer_main":"0","cozystay_single_page_site_footer_hide_above":"","cozystay_single_custom_site_footer_above_source":"","cozystay_single_custom_site_footer_above":"0","cozystay_single_page_site_footer_hide_instagram":"","cozystay_single_page_site_footer_hide_bottom":"","cozystay_single_custom_mobile_menu_source":"","cozystay_single_custom_mobile_menu":"0","cozystay_single_custom_mobile_menu_animation":"","cozystay_single_custom_mobile_menu_width":"","cozystay_single_custom_mobile_menu_custom_width":375,"footnotes":""},"class_list":["post-2029","page","type-page","status-publish","hentry"],"yoast_head":"<!-- This site is optimized with the Yoast SEO plugin v25.6 - https:\/\/yoast.com\/wordpress\/plugins\/seo\/ -->\n<title>Coconut Grove - Arya Hotel &amp; Suites<\/title>\n<meta name=\"robots\" content=\"index, follow, max-snippet:-1, max-image-preview:large, max-video-preview:-1\" \/>\n<link rel=\"canonical\" href=\"https:\/\/www.aryahotel.us\/es\/coconut-grove\/\" \/>\n<meta property=\"og:locale\" content=\"es_ES\" \/>\n<meta property=\"og:type\" content=\"article\" \/>\n<meta property=\"og:title\" content=\"Coconut Grove - Arya Hotel &amp; Suites\" \/>\n<meta property=\"og:description\" content=\"Coconut Grove Explore the soul of Miami with all the diferent activites Coconut Grove has for you. Coconut Grove Explore the Heart of Miami Coconut Grove, Miami\u2019s oldest neighborhood, is a lush, vibrant destination rich in history and charm. Stroll through its tree-lined streets and uncover the area\u2019s deep Bahamian roots, artistic flair, and timeless ...\" \/>\n<meta property=\"og:url\" content=\"https:\/\/www.aryahotel.us\/es\/coconut-grove\/\" \/>\n<meta property=\"og:site_name\" content=\"Arya Hotel &amp; Suites\" \/>\n<meta property=\"article:modified_time\" content=\"2025-02-13T15:38:07+00:00\" \/>\n<meta property=\"og:image\" content=\"https:\/\/www.aryahotel.us\/wp-content\/uploads\/2025\/01\/122738618_351364709520743_5896060285165646587_n-370x278.jpg\" \/>\n<meta name=\"twitter:card\" content=\"summary_large_image\" \/>\n<meta name=\"twitter:label1\" content=\"Tiempo de lectura\" \/>\n\t<meta name=\"twitter:data1\" content=\"1 minuto\" \/>\n<script type=\"application\/ld+json\" class=\"yoast-schema-graph\">{\"@context\":\"https:\/\/schema.org\",\"@graph\":[{\"@type\":\"WebPage\",\"@id\":\"https:\/\/www.aryahotel.us\/coconut-grove\",\"url\":\"https:\/\/www.aryahotel.us\/coconut-grove\",\"name\":\"Coconut Grove - Arya Hotel &amp; Suites\",\"isPartOf\":{\"@id\":\"https:\/\/www.aryahotel.us\/#website\"},\"primaryImageOfPage\":{\"@id\":\"https:\/\/www.aryahotel.us\/coconut-grove#primaryimage\"},\"image\":{\"@id\":\"https:\/\/www.aryahotel.us\/coconut-grove#primaryimage\"},\"thumbnailUrl\":\"https:\/\/www.aryahotel.us\/wp-content\/uploads\/2025\/01\/122738618_351364709520743_5896060285165646587_n-370x278.jpg\",\"datePublished\":\"2025-01-28T21:32:05+00:00\",\"dateModified\":\"2025-02-13T15:38:07+00:00\",\"breadcrumb\":{\"@id\":\"https:\/\/www.aryahotel.us\/coconut-grove#breadcrumb\"},\"inLanguage\":\"es\",\"potentialAction\":[{\"@type\":\"ReadAction\",\"target\":[\"https:\/\/www.aryahotel.us\/coconut-grove\"]}]},{\"@type\":\"ImageObject\",\"inLanguage\":\"es\",\"@id\":\"https:\/\/www.aryahotel.us\/coconut-grove#primaryimage\",\"url\":\"https:\/\/www.aryahotel.us\/wp-content\/uploads\/2025\/01\/122738618_351364709520743_5896060285165646587_n-370x278.jpg\",\"contentUrl\":\"https:\/\/www.aryahotel.us\/wp-content\/uploads\/2025\/01\/122738618_351364709520743_5896060285165646587_n-370x278.jpg\"},{\"@type\":\"BreadcrumbList\",\"@id\":\"https:\/\/www.aryahotel.us\/coconut-grove#breadcrumb\",\"itemListElement\":[{\"@type\":\"ListItem\",\"position\":1,\"name\":\"Home\",\"item\":\"https:\/\/www.aryahotel.us\/\"},{\"@type\":\"ListItem\",\"position\":2,\"name\":\"Coconut Grove\"}]},{\"@type\":\"WebSite\",\"@id\":\"https:\/\/www.aryahotel.us\/#website\",\"url\":\"https:\/\/www.aryahotel.us\/\",\"name\":\"Arya Hotel &amp; Suites\",\"description\":\"Stay in Coconut Grove\",\"potentialAction\":[{\"@type\":\"SearchAction\",\"target\":{\"@type\":\"EntryPoint\",\"urlTemplate\":\"https:\/\/www.aryahotel.us\/?s={search_term_string}\"},\"query-input\":{\"@type\":\"PropertyValueSpecification\",\"valueRequired\":true,\"valueName\":\"search_term_string\"}}],\"inLanguage\":\"es\"}]}<\/script>\n<!-- \/ Yoast SEO plugin. -->","yoast_head_json":{"title":"Coconut Grove - Arya Hotel &amp; Suites","robots":{"index":"index","follow":"follow","max-snippet":"max-snippet:-1","max-image-preview":"max-image-preview:large","max-video-preview":"max-video-preview:-1"},"canonical":"https:\/\/www.aryahotel.us\/es\/coconut-grove\/","og_locale":"es_ES","og_type":"article","og_title":"Coconut Grove - Arya Hotel &amp; Suites","og_description":"Coconut Grove Explore the soul of Miami with all the diferent activites Coconut Grove has for you. Coconut Grove Explore the Heart of Miami Coconut Grove, Miami\u2019s oldest neighborhood, is a lush, vibrant destination rich in history and charm. Stroll through its tree-lined streets and uncover the area\u2019s deep Bahamian roots, artistic flair, and timeless ...","og_url":"https:\/\/www.aryahotel.us\/es\/coconut-grove\/","og_site_name":"Arya Hotel &amp; Suites","article_modified_time":"2025-02-13T15:38:07+00:00","og_image":[{"url":"https:\/\/www.aryahotel.us\/wp-content\/uploads\/2025\/01\/122738618_351364709520743_5896060285165646587_n-370x278.jpg","type":"","width":"","height":""}],"twitter_card":"summary_large_image","twitter_misc":{"Tiempo de lectura":"1 minuto"},"schema":{"@context":"https:\/\/schema.org","@graph":[{"@type":"WebPage","@id":"https:\/\/www.aryahotel.us\/coconut-grove","url":"https:\/\/www.aryahotel.us\/coconut-grove","name":"Coconut Grove - Arya Hotel &amp; Suites","isPartOf":{"@id":"https:\/\/www.aryahotel.us\/#website"},"primaryImageOfPage":{"@id":"https:\/\/www.aryahotel.us\/coconut-grove#primaryimage"},"image":{"@id":"https:\/\/www.aryahotel.us\/coconut-grove#primaryimage"},"thumbnailUrl":"https:\/\/www.aryahotel.us\/wp-content\/uploads\/2025\/01\/122738618_351364709520743_5896060285165646587_n-370x278.jpg","datePublished":"2025-01-28T21:32:05+00:00","dateModified":"2025-02-13T15:38:07+00:00","breadcrumb":{"@id":"https:\/\/www.aryahotel.us\/coconut-grove#breadcrumb"},"inLanguage":"es","potentialAction":[{"@type":"ReadAction","target":["https:\/\/www.aryahotel.us\/coconut-grove"]}]},{"@type":"ImageObject","inLanguage":"es","@id":"https:\/\/www.aryahotel.us\/coconut-grove#primaryimage","url":"https:\/\/www.aryahotel.us\/wp-content\/uploads\/2025\/01\/122738618_351364709520743_5896060285165646587_n-370x278.jpg","contentUrl":"https:\/\/www.aryahotel.us\/wp-content\/uploads\/2025\/01\/122738618_351364709520743_5896060285165646587_n-370x278.jpg"},{"@type":"BreadcrumbList","@id":"https:\/\/www.aryahotel.us\/coconut-grove#breadcrumb","itemListElement":[{"@type":"ListItem","position":1,"name":"Home","item":"https:\/\/www.aryahotel.us\/"},{"@type":"ListItem","position":2,"name":"Coconut Grove"}]},{"@type":"WebSite","@id":"https:\/\/www.aryahotel.us\/#website","url":"https:\/\/www.aryahotel.us\/","name":"Arya Hotel &amp; Suites","description":"Stay in Coconut Grove","potentialAction":[{"@type":"SearchAction","target":{"@type":"EntryPoint","urlTemplate":"https:\/\/www.aryahotel.us\/?s={search_term_string}"},"query-input":{"@type":"PropertyValueSpecification","valueRequired":true,"valueName":"search_term_string"}}],"inLanguage":"es"}]}},"_links":{"self":[{"href":"https:\/\/www.aryahotel.us\/es\/wp-json\/wp\/v2\/pages\/2029","targetHints":{"allow":["GET"]}}],"collection":[{"href":"https:\/\/www.aryahotel.us\/es\/wp-json\/wp\/v2\/pages"}],"about":[{"href":"https:\/\/www.aryahotel.us\/es\/wp-json\/wp\/v2\/types\/page"}],"author":[{"embeddable":true,"href":"https:\/\/www.aryahotel.us\/es\/wp-json\/wp\/v2\/users\/1"}],"replies":[{"embeddable":true,"href":"https:\/\/www.aryahotel.us\/es\/wp-json\/wp\/v2\/comments?post=2029"}],"version-history":[{"count":0,"href":"https:\/\/www.aryahotel.us\/es\/wp-json\/wp\/v2\/pages\/2029\/revisions"}],"wp:attachment":[{"href":"https:\/\/www.aryahotel.us\/es\/wp-json\/wp\/v2\/media?parent=2029"}],"curies":[{"name":"wp","href":"https:\/\/api.w.org\/{rel}","templated":true}]}}